{"id":13542,"date":"2022-07-01T20:20:20","date_gmt":"2022-07-01T18:20:20","guid":{"rendered":"https:\/\/sabaglass.com\/alexander\/?page_id=13542"},"modified":"2022-09-20T14:13:11","modified_gmt":"2022-09-20T12:13:11","slug":"facade-architecturale","status":"publish","type":"page","link":"https:\/\/sabaglass.com\/alexander\/services\/facade-architecturale\/","title":{"rendered":"Fa\u00e7ade architecturale"},"content":{"rendered":"<p>[vc_row][vc_column css_animation=&#8221;fadeInDown&#8221; width=&#8221;1\/2&#8243;][vc_column_text]<\/p>\n<h2>Fa\u00e7ade architecturale<\/h2>\n<p>[\/vc_column_text]<span class=\"subtitle dash-true style-dark text-default\">NOUS CR\u00c9ONS AVEC SOIN ET PROFESSIONNALISME.<\/span>[\/vc_column][vc_column css_animation=&#8221;fadeInUp&#8221; width=&#8221;1\/2&#8243;][vc_column_text]<\/p>\n<div class=\"mu-mb-200\">\n<div class=\"m-text-seo\">\n<div class=\"col-container\">\n<div id=\"js-showMoreTextSeo\" class=\"kl-showmore m-text-seo__description js-text-seo-description col-12\">\n<p class=\"m-text-seo__paragraph\">Nous fournissons et d\u00e9corons le verre pour les fa\u00e7ades et pour les espaces int\u00e9rieurs dans des formats particuli\u00e8rement grands ; \u00e0 la fois sous forme de <strong>Double vitrage avec gaz Argon , Verre Ext\u00e9rieur Coll\u00e9 , Verre Ext\u00e9rieur Parclos\u00e9 , Verre Ext\u00e9rieur Attach\u00e9 <\/strong>. Avec notre impression num\u00e9rique nous r\u00e9alisons un motif personnalis\u00e9 pour chaque vitre individuelle. Nous transposons \u00e9galement des souhaits particuliers comme la d\u00e9coration avec des m\u00e9taux.<\/p>\n<\/div>\n<\/div>\n<\/div>\n<\/div>\n<p>[\/vc_column_text][\/vc_column][\/vc_row][vc_row css=&#8221;.vc_custom_1534242672018{margin-top: 60px !important;margin-bottom: 80px !important;}&#8221;][vc_column el_class=&#8221;animate&#8221;][vc_column_text css_animation=&#8221;fadeInUp&#8221;]<div id='gallery-1' class='gallery galleryid-13542 gallery-columns-4 gallery-size-full'><figure class='gallery-item'>\n\t\t\t<div class='gallery-icon landscape'>\n\t\t\t\t<a href='https:\/\/sabaglass.com\/alexander\/wp-content\/uploads\/2022\/09\/internorm-fenetre-double-vitrage-e1444290274104-removebg-preview.png'><img loading=\"lazy\" decoding=\"async\" width=\"577\" height=\"433\" src=\"https:\/\/sabaglass.com\/alexander\/wp-content\/uploads\/2022\/09\/internorm-fenetre-double-vitrage-e1444290274104-removebg-preview.png\" class=\"attachment-full size-full\" alt=\"\" aria-describedby=\"gallery-1-13997\" srcset=\"https:\/\/sabaglass.com\/alexander\/wp-content\/uploads\/2022\/09\/internorm-fenetre-double-vitrage-e1444290274104-removebg-preview.png 577w, https:\/\/sabaglass.com\/alexander\/wp-content\/uploads\/2022\/09\/internorm-fenetre-double-vitrage-e1444290274104-removebg-preview-240x180.png 240w\" sizes=\"auto, (max-width: 577px) 100vw, 577px\" \/><\/a>\n\t\t\t<\/div>\n\t\t\t\t<figcaption class='wp-caption-text gallery-caption' id='gallery-1-13997'>\n\t\t\t\tDOUBLE VITRAGE\n\t\t\t\t<\/figcaption><\/figure><figure class='gallery-item'>\n\t\t\t<div class='gallery-icon portrait'>\n\t\t\t\t<a href='https:\/\/sabaglass.com\/alexander\/wp-content\/uploads\/2022\/09\/52-RPT-VECa-removebg-preview.png'><img loading=\"lazy\" decoding=\"async\" width=\"441\" height=\"565\" src=\"https:\/\/sabaglass.com\/alexander\/wp-content\/uploads\/2022\/09\/52-RPT-VECa-removebg-preview.png\" class=\"attachment-full size-full\" alt=\"\" aria-describedby=\"gallery-1-13996\" \/><\/a>\n\t\t\t<\/div>\n\t\t\t\t<figcaption class='wp-caption-text gallery-caption' id='gallery-1-13996'>\n\t\t\t\tVEC \/ VEP \/ VEA\n\t\t\t\t<\/figcaption><\/figure><figure class='gallery-item'>\n\t\t\t<div class='gallery-icon landscape'>\n\t\t\t\t<a href='https:\/\/sabaglass.com\/alexander\/wp-content\/uploads\/2022\/09\/doublevitrage.jpg'><img loading=\"lazy\" decoding=\"async\" width=\"1600\" height=\"1100\" src=\"https:\/\/sabaglass.com\/alexander\/wp-content\/uploads\/2022\/09\/doublevitrage.jpg\" class=\"attachment-full size-full\" alt=\"\" aria-describedby=\"gallery-1-13995\" srcset=\"https:\/\/sabaglass.com\/alexander\/wp-content\/uploads\/2022\/09\/doublevitrage.jpg 1600w, https:\/\/sabaglass.com\/alexander\/wp-content\/uploads\/2022\/09\/doublevitrage-1024x704.jpg 1024w, https:\/\/sabaglass.com\/alexander\/wp-content\/uploads\/2022\/09\/doublevitrage-768x528.jpg 768w, https:\/\/sabaglass.com\/alexander\/wp-content\/uploads\/2022\/09\/doublevitrage-1536x1056.jpg 1536w, https:\/\/sabaglass.com\/alexander\/wp-content\/uploads\/2022\/09\/doublevitrage-260x180.jpg 260w, https:\/\/sabaglass.com\/alexander\/wp-content\/uploads\/2022\/09\/doublevitrage-600x413.jpg 600w\" sizes=\"auto, (max-width: 1600px) 100vw, 1600px\" \/><\/a>\n\t\t\t<\/div>\n\t\t\t\t<figcaption class='wp-caption-text gallery-caption' id='gallery-1-13995'>\n\t\t\t\tDouble vitrage\n\t\t\t\t<\/figcaption><\/figure><figure class='gallery-item'>\n\t\t\t<div class='gallery-icon landscape'>\n\t\t\t\t<a href='https:\/\/sabaglass.com\/alexander\/wp-content\/uploads\/2022\/09\/148432-9493755.webp'><img loading=\"lazy\" decoding=\"async\" width=\"1200\" height=\"900\" src=\"https:\/\/sabaglass.com\/alexander\/wp-content\/uploads\/2022\/09\/148432-9493755.webp\" class=\"attachment-full size-full\" alt=\"\" aria-describedby=\"gallery-1-13994\" srcset=\"https:\/\/sabaglass.com\/alexander\/wp-content\/uploads\/2022\/09\/148432-9493755.webp 1200w, https:\/\/sabaglass.com\/alexander\/wp-content\/uploads\/2022\/09\/148432-9493755-1024x768.webp 1024w, https:\/\/sabaglass.com\/alexander\/wp-content\/uploads\/2022\/09\/148432-9493755-768x576.webp 768w, https:\/\/sabaglass.com\/alexander\/wp-content\/uploads\/2022\/09\/148432-9493755-240x180.webp 240w, https:\/\/sabaglass.com\/alexander\/wp-content\/uploads\/2022\/09\/148432-9493755-600x450.webp 600w\" sizes=\"auto, (max-width: 1200px) 100vw, 1200px\" \/><\/a>\n\t\t\t<\/div>\n\t\t\t\t<figcaption class='wp-caption-text gallery-caption' id='gallery-1-13994'>\n\t\t\t\tA\u00e9roport Constantine\n\t\t\t\t<\/figcaption><\/figure><figure class='gallery-item'>\n\t\t\t<div class='gallery-icon portrait'>\n\t\t\t\t<a href='https:\/\/sabaglass.com\/alexander\/wp-content\/uploads\/2022\/09\/20210216_151844-1-scaled.jpg'><img loading=\"lazy\" decoding=\"async\" width=\"1920\" height=\"2560\" src=\"https:\/\/sabaglass.com\/alexander\/wp-content\/uploads\/2022\/09\/20210216_151844-1-scaled.jpg\" class=\"attachment-full size-full\" alt=\"\" aria-describedby=\"gallery-1-13993\" srcset=\"https:\/\/sabaglass.com\/alexander\/wp-content\/uploads\/2022\/09\/20210216_151844-1-scaled.jpg 1920w, https:\/\/sabaglass.com\/alexander\/wp-content\/uploads\/2022\/09\/20210216_151844-1-768x1024.jpg 768w, https:\/\/sabaglass.com\/alexander\/wp-content\/uploads\/2022\/09\/20210216_151844-1-1152x1536.jpg 1152w, https:\/\/sabaglass.com\/alexander\/wp-content\/uploads\/2022\/09\/20210216_151844-1-1536x2048.jpg 1536w, https:\/\/sabaglass.com\/alexander\/wp-content\/uploads\/2022\/09\/20210216_151844-1-600x800.jpg 600w\" sizes=\"auto, (max-width: 1920px) 100vw, 1920px\" \/><\/a>\n\t\t\t<\/div>\n\t\t\t\t<figcaption class='wp-caption-text gallery-caption' id='gallery-1-13993'>\n\t\t\t\tSARL SABA GLASS\n\t\t\t\t<\/figcaption><\/figure>\n\t\t<\/div>\n[\/vc_column_text][\/vc_column][\/vc_row][vc_row full_width=&#8221;stretch_row&#8221; disable_element=&#8221;yes&#8221; css=&#8221;.vc_custom_1656671307731{padding-top: 120px !important;padding-bottom: 120px !important;background: #f9f9f9 url(https:\/\/themicart.com\/interico-wpb\/wp-content\/uploads\/2018\/03\/vertical-lines-3-1.png?id=9229) !important;background-position: 0 0 !important;background-repeat: repeat !important;}&#8221;][vc_column width=&#8221;1\/2&#8243;][vc_column_text]<ul class=\"nav nav-tabs style-accent light\" id=\"custom-tabs-1\"><li class=\"active\"><a href=\"#custom-tab-0-Idea\"  data-toggle=\"tab\">Idea<\/a><\/li><li><a href=\"#custom-tab-0-Design\"  data-toggle=\"tab\">Design<\/a><\/li><li><a href=\"#custom-tab-0-Excecution\"  data-toggle=\"tab\">Excecution<\/a><\/li><\/ul><div class=\"tab-content style-accent\"><div id=\"custom-tab-0-Idea\" class=\"tab-pane animated fadeIn active\">The research phase is very important. We do our best to plan every possible outcome, which would affect the budget and time of finishing the project:\n<ul>\n<li>Based on your exact needs, get only what your project requires.<\/li>\n<li>Cost effective, to secure uninteruptable construction process.<\/li>\n<li>We always get the best people in the field to work on specific areas.<\/li>\n<\/ul>\n<p><\/p><\/div><div id=\"custom-tab-0-Design\" class=\"tab-pane animated fadeIn \">We do our best to plan every possible outcome, which would affect the budget and time of finishing the project:\n<ul>\n<li>Based on your exact needs, get only what your project requires.<\/li>\n<li>Cost effective, to secure uninteruptable construction process.<\/li>\n<li>We always get the best people in the field to work on specific areas.<\/li>\n<\/ul>\n<p><\/p><\/div><div id=\"custom-tab-0-Excecution\" class=\"tab-pane animated fadeIn \">The research phase is very important.\n<ul>\n<li>Based on your exact needs, get only what your project requires.<\/li>\n<li>Cost effective, to secure uninteruptable construction process.<\/li>\n<li>We always get the best people in the field to work on specific areas.<\/li>\n<\/ul>\n<p><\/p><\/div><\/div>[\/vc_column_text][\/vc_column][vc_column width=&#8221;1\/2&#8243;]<span class=\"subtitle dash-true style-dark text-default\">Our service benefits.<\/span>[vc_column_text el_class=&#8221;animate&#8221;]<\/p>\n<h2>Experience <em>Innovation<\/em> the Professional Way.<\/h2>\n<p>[\/vc_column_text][vc_column_text]Lorem ipsum dolor sit amet, consectetuer adipiscing elit. Phasellus hendrerit. Pellentesque aliquet nibh nec urna. In nisi neque, aliquet vel, dapibus id, mattis vel, nisi. Sed pretium, ligula sollicitudin laoreet viverra, tortor libero sodales leo, eget blandit nunc tortor eu nibh.[\/vc_column_text][\/vc_column][\/vc_row][vc_row full_width=&#8221;stretch_row&#8221; css=&#8221;.vc_custom_1656673557228{padding-top: 120px !important;padding-right: 120px !important;padding-bottom: 120px !important;padding-left: 120px !important;background-image: url(https:\/\/sabaglass.com\/alexander\/wp-content\/uploads\/2022\/07\/call-to-action-bg-3.jpg?id=13515) !important;background-position: center !important;background-repeat: no-repeat !important;background-size: cover !important;}&#8221;][vc_column][vc_column_text el_class=&#8221;animate animate-1&#8243;]<\/p>\n<h2 style=\"text-align: center;\"><span style=\"color: #ffffff;\">Appelez nous au : 0560 04 92 40<\/span><\/h2>\n<p>[\/vc_column_text][vc_column_text css_animation=&#8221;fadeInUp&#8221;]<\/p>\n<p style=\"text-align: center;\"><span style=\"color: #aaaaaa;\">Sam-Jeu 8:00 &#8211; 17:00 <\/span><\/p>\n<p>[\/vc_column_text][\/vc_column][\/vc_row][vc_row css=&#8221;.vc_custom_1534242606416{margin-top: 80px !important;}&#8221;][vc_column el_class=&#8221;animate&#8221;][vc_column_text css=&#8221;.vc_custom_1656672081430{margin-bottom: 0px !important;}&#8221;]<\/p>\n<h2>Autres Produits:<\/h2>\n<p>[\/vc_column_text][\/vc_column][\/vc_row][vc_row][vc_column]<div class=\"divider-light\"><\/div>[\/vc_column][\/vc_row][vc_row][vc_column width=&#8221;1\/4&#8243; el_class=&#8221;animate&#8221;]<div class=\"content-box service-item alignment-centered service-box-dark spacing-30\"><a href=\"https:\/\/sabaglass.com\/alexander\/services\/architecture\/\"><div class=\"image-container\"><div class=\"vertical-number-box\"><span class=\"vertical-number\">01<\/span><\/div><div class=\"arrow-box\"><span class=\"icon-arrow-right\"><\/span><\/div><img decoding=\"async\" src=\"https:\/\/sabaglass.com\/alexander\/wp-content\/uploads\/2018\/05\/360x500-1-360x500.png\" srcset=\"https:\/\/sabaglass.com\/alexander\/wp-content\/uploads\/2018\/05\/360x500-1-270x380.png 270w, https:\/\/sabaglass.com\/alexander\/wp-content\/uploads\/2018\/05\/360x500-1.png 360w\" sizes=\"(min-width: 781px) 360px, calc(100vw - 30px)\" alt=\"Architecture\"><\/div><div class=\"content-box-info\"><h4 class=\"box-heading\">Architecture<\/h4><\/div><\/a><\/div>[\/vc_column][vc_column width=&#8221;1\/4&#8243; el_class=&#8221;animate animate-1&#8243;]<div class=\"content-box service-item alignment-centered service-box-dark spacing-30\"><a href=\"https:\/\/sabaglass.com\/alexander\/services\/architecture\/\"><div class=\"image-container\"><div class=\"vertical-number-box\"><span class=\"vertical-number\">01<\/span><\/div><div class=\"arrow-box\"><span class=\"icon-arrow-right\"><\/span><\/div><img decoding=\"async\" src=\"https:\/\/sabaglass.com\/alexander\/wp-content\/uploads\/2018\/05\/360x500-1-360x500.png\" srcset=\"https:\/\/sabaglass.com\/alexander\/wp-content\/uploads\/2018\/05\/360x500-1-270x380.png 270w, https:\/\/sabaglass.com\/alexander\/wp-content\/uploads\/2018\/05\/360x500-1.png 360w\" sizes=\"(min-width: 781px) 360px, calc(100vw - 30px)\" alt=\"Architecture\"><\/div><div class=\"content-box-info\"><h4 class=\"box-heading\">Architecture<\/h4><\/div><\/a><\/div>[\/vc_column][vc_column width=&#8221;1\/4&#8243; el_class=&#8221;animate animate-2&#8243;]<div class=\"content-box service-item alignment-centered service-box-dark spacing-30\"><a href=\"https:\/\/sabaglass.com\/alexander\/services\/architecture\/\"><div class=\"image-container\"><div class=\"vertical-number-box\"><span class=\"vertical-number\">01<\/span><\/div><div class=\"arrow-box\"><span class=\"icon-arrow-right\"><\/span><\/div><img decoding=\"async\" src=\"https:\/\/sabaglass.com\/alexander\/wp-content\/uploads\/2018\/05\/360x500-1-360x500.png\" srcset=\"https:\/\/sabaglass.com\/alexander\/wp-content\/uploads\/2018\/05\/360x500-1-270x380.png 270w, https:\/\/sabaglass.com\/alexander\/wp-content\/uploads\/2018\/05\/360x500-1.png 360w\" sizes=\"(min-width: 781px) 360px, calc(100vw - 30px)\" alt=\"Architecture\"><\/div><div class=\"content-box-info\"><h4 class=\"box-heading\">Architecture<\/h4><\/div><\/a><\/div>[\/vc_column][vc_column width=&#8221;1\/4&#8243; el_class=&#8221;animate animate-3&#8243;]<div class=\"content-box service-item alignment-centered service-box-dark spacing-30\"><a href=\"https:\/\/sabaglass.com\/alexander\/services\/architecture\/\"><div class=\"image-container\"><div class=\"vertical-number-box\"><span class=\"vertical-number\">01<\/span><\/div><div class=\"arrow-box\"><span class=\"icon-arrow-right\"><\/span><\/div><img decoding=\"async\" src=\"https:\/\/sabaglass.com\/alexander\/wp-content\/uploads\/2018\/05\/360x500-1-360x500.png\" srcset=\"https:\/\/sabaglass.com\/alexander\/wp-content\/uploads\/2018\/05\/360x500-1-270x380.png 270w, https:\/\/sabaglass.com\/alexander\/wp-content\/uploads\/2018\/05\/360x500-1.png 360w\" sizes=\"(min-width: 781px) 360px, calc(100vw - 30px)\" alt=\"Architecture\"><\/div><div class=\"content-box-info\"><h4 class=\"box-heading\">Architecture<\/h4><\/div><\/a><\/div>[\/vc_column][\/vc_row]<\/p>\n","protected":false},"excerpt":{"rendered":"<p>[vc_row][vc_column css_animation=&#8221;fadeInDown&#8221; width=&#8221;1\/2&#8243;][vc_column_text] Fa\u00e7ade architecturale [\/vc_column_text][\/vc_column][vc_column css_animation=&#8221;fadeInUp&#8221; width=&#8221;1\/2&#8243;][vc_column_text] Nous fournissons et d\u00e9corons le verre pour les fa\u00e7ades et pour les espaces int\u00e9rieurs dans des formats particuli\u00e8rement grands ; \u00e0 la fois sous forme de Double vitrage avec gaz Argon , Verre Ext\u00e9rieur Coll\u00e9 , Verre Ext\u00e9rieur Parclos\u00e9 , Verre Ext\u00e9rieur Attach\u00e9 . Avec notre impression [&hellip;]<\/p>\n","protected":false},"author":1,"featured_media":13498,"parent":44,"menu_order":0,"comment_status":"closed","ping_status":"closed","template":"","meta":{"footnotes":""},"class_list":["post-13542","page","type-page","status-publish","has-post-thumbnail","hentry"],"_links":{"self":[{"href":"https:\/\/sabaglass.com\/alexander\/wp-json\/wp\/v2\/pages\/13542","targetHints":{"allow":["GET"]}}],"collection":[{"href":"https:\/\/sabaglass.com\/alexander\/wp-json\/wp\/v2\/pages"}],"about":[{"href":"https:\/\/sabaglass.com\/alexander\/wp-json\/wp\/v2\/types\/page"}],"author":[{"embeddable":true,"href":"https:\/\/sabaglass.com\/alexander\/wp-json\/wp\/v2\/users\/1"}],"replies":[{"embeddable":true,"href":"https:\/\/sabaglass.com\/alexander\/wp-json\/wp\/v2\/comments?post=13542"}],"version-history":[{"count":4,"href":"https:\/\/sabaglass.com\/alexander\/wp-json\/wp\/v2\/pages\/13542\/revisions"}],"predecessor-version":[{"id":13998,"href":"https:\/\/sabaglass.com\/alexander\/wp-json\/wp\/v2\/pages\/13542\/revisions\/13998"}],"up":[{"embeddable":true,"href":"https:\/\/sabaglass.com\/alexander\/wp-json\/wp\/v2\/pages\/44"}],"wp:featuredmedia":[{"embeddable":true,"href":"https:\/\/sabaglass.com\/alexander\/wp-json\/wp\/v2\/media\/13498"}],"wp:attachment":[{"href":"https:\/\/sabaglass.com\/alexander\/wp-json\/wp\/v2\/media?parent=13542"}],"curies":[{"name":"wp","href":"https:\/\/api.w.org\/{rel}","templated":true}]}}