{"id":13478,"date":"2022-07-01T11:33:29","date_gmt":"2022-07-01T09:33:29","guid":{"rendered":"https:\/\/sabaglass.com\/alexander\/?page_id=13478"},"modified":"2023-10-23T10:24:32","modified_gmt":"2023-10-23T08:24:32","slug":"accueil","status":"publish","type":"page","link":"https:\/\/sabaglass.com\/alexander\/","title":{"rendered":"Accueil"},"content":{"rendered":"<p>[vc_row full_width=&#8221;stretch_row&#8221; equal_height=&#8221;yes&#8221; content_placement=&#8221;middle&#8221; css_animation=&#8221;fadeInUp&#8221; css=&#8221;.vc_custom_1697979785348{padding-top: 32px !important;padding-bottom: 70px !important;background-image: url(https:\/\/sabaglass.com\/alexander\/wp-content\/uploads\/2023\/10\/12188678_4907157-scaled.jpg?id=14285) !important;background-position: 0 0 !important;background-repeat: repeat !important;}&#8221; el_class=&#8221;overlapped&#8221;][vc_column width=&#8221;1\/3&#8243; css=&#8221;.vc_custom_1536745119080{margin-top: 110px !important;margin-right: 1px !important;margin-bottom: 30px !important;}&#8221;]<span class=\"subtitle dash-true style-dark text-default\">Qui Sommes Nous<\/span>[vc_column_text css=&#8221;.vc_custom_1697924534706{margin-bottom: 20px !important;}&#8221;]<\/p>\n<h2>ALEXANDER<\/h2>\n<p style=\"text-align: justify;\">Alexander est un acteur incontournable dans l\u2019industrie de la maroquinerie gr\u00e2ce \u00e0 son expertise dans l\u2019importation de mati\u00e8res premi\u00e8res de premi\u00e8re qualit\u00e9. Avec des ann\u00e9es d\u2019exp\u00e9rience \u00e0 son actif, l\u2019entreprise s\u2019est forg\u00e9e une r\u00e9putation solide en fournissant aux fabricants de produits de maroquinerie les mat\u00e9riaux essentiels n\u00e9cessaires \u00e0 la cr\u00e9ation d\u2019articles de luxe.<\/p>\n<p>[\/vc_column_text]<a href=\"https:\/\/sabaglass.com\/alexander\/qui-sommes-nous\/\" class=\"btn btn-primary arrow-right\"><span>En savoir plus<\/span><\/a>[\/vc_column][vc_column width=&#8221;1\/3&#8243;]<div class=\"content-box service-item alignment-centered service-box-dark spacing-30\"><a href=\"https:\/\/sabaglass.com\/alexander\/services\/facade-architecturale\/\"><div class=\"image-container\"><div class=\"vertical-number-box\"><span class=\"vertical-number\">01<\/span><\/div><div class=\"arrow-box\"><span class=\"icon-arrow-right\"><\/span><\/div><img decoding=\"async\" src=\"https:\/\/sabaglass.com\/alexander\/wp-content\/uploads\/2023\/10\/home-2.jpg\" alt=\"Skai PVC\"><\/div><div class=\"content-box-info\"><h4 class=\"box-heading\">Skai PVC<\/h4><\/div><\/a><\/div>[\/vc_column][vc_column width=&#8221;1\/3&#8243;]<div class=\"content-box service-item alignment-centered service-box-dark spacing-30\"><a href=\"https:\/\/sabaglass.com\/alexander\/services\/rampe-descalier-garde-corps\/\"><div class=\"image-container\"><div class=\"vertical-number-box\"><span class=\"vertical-number\">02<\/span><\/div><div class=\"arrow-box\"><span class=\"icon-arrow-right\"><\/span><\/div><img decoding=\"async\" src=\"https:\/\/sabaglass.com\/alexander\/wp-content\/uploads\/2023\/10\/home-1.jpg\" alt=\"Accessoires maroquinerie\"><\/div><div class=\"content-box-info\"><h4 class=\"box-heading\">Accessoires maroquinerie<\/h4><\/div><\/a><\/div>[\/vc_column][\/vc_row][vc_row full_width=&#8221;stretch_row&#8221; css=&#8221;.vc_custom_1697981228026{background: #ededed url(https:\/\/sabaglass.com\/alexander\/wp-content\/uploads\/2018\/10\/vertical-grid-5.png?id=12972) !important;background-position: 0 0 !important;background-repeat: repeat !important;}&#8221; el_class=&#8221;spaced&#8221;][vc_column][vc_row_inner css=&#8221;.vc_custom_1537521399254{margin-top: 50px !important;}&#8221;][vc_column_inner el_class=&#8221;animate&#8221; width=&#8221;1\/4&#8243;]<span class=\"subtitle dash-false style-gray text-left animate\">D\u00e9couvrez<\/span>[vc_column_text el_class=&#8221;animate&#8221;]<\/p>\n<h2 style=\"text-align: left;\"><span style=\"color: #870000;\">Nos Produits<\/span><\/h2>\n<p>[\/vc_column_text]<div class=\"dash style-light default\"><\/div>[\/vc_column_inner][vc_column_inner el_class=&#8221;animate animate-1&#8243; width=&#8221;1\/4&#8243;][\/vc_column_inner][vc_column_inner el_class=&#8221;animate animate-2&#8243; width=&#8221;1\/4&#8243;][\/vc_column_inner][vc_column_inner el_class=&#8221;animate animate-3&#8243; width=&#8221;1\/4&#8243;][\/vc_column_inner][\/vc_row_inner][vc_row_inner][vc_column_inner][vc_column_text]\n\t\t\n\t\t<div\n\t\tclass=\"wpcu-products wpcu-theme_1 wpcu-lazy-load wpcu-carousel\"\n\t\tstyle=\"\n\t\t\t--wpcu-productTitleSize: 16px;\n\t\t\t--wpcu-productTitleColor: #363940;\n\t\t\t--wpcu-productTitleColorHover: #bc0000;\n\t\t\t--wpcu-productPriceSize: 14px;\n\t\t\t--wpcu-productPriceColor: #bc0000;\n\t\t\t--wpcu-productRatingSize: 16px;\n\t\t\t--wpcu-productRatingColor: #FEB507;\n\t\t\t--wpcu-buttonColor: #ffffff;\n\t\t\t--wpcu-buttonColorHover: #ffffff;\n\t\t\t--wpcu-buttonBgColor: #bc0000;\n\t\t\t--wpcu-buttonBgColorHover: #bc0000;\n\t\t\t--wpcu-ribbonBgColor: #bc0000;\n\t\t\t--wpcu-qvIconColor: #ffffff;\n\t\t\t--wpcu-qvBgColor: #ff5500;\n\t\t\"\n\t\t\t\tdata-wpcu-items=\"4\"\n\t\tdata-wpcu-margin=\"30\"\n\t\tdata-wpcu-loop=\"true\"\n\t\tdata-wpcu-perslide=\"1\"\n\t\tdata-wpcu-speed=\"2000\"\n\t\tdata-wpcu-autoplay='\n\t\t\t\t{\n\t\t\t\"delay\": \"2000\",\n\t\t\t\"pauseOnMouseEnter\": false,\n\t\t\t\"disableOnInteraction\": false,\n\t\t\t\"stopOnLastSlide\": true\n\t\t}\n\t\t\t\t'\n\t\tdata-wpcu-responsive='{\n\t\t\t\"0\": {\"slidesPerView\": \"1\", \"spaceBetween\": \"20\"},\n\t\t\t\"768\": {\"slidesPerView\": \"2\", \"spaceBetween\": \"30\"},\n\t\t\t\"992\": {\"slidesPerView\": \"3\", \"spaceBetween\": \"30\"},\n\t\t\t\"1200\": {\"slidesPerView\": \"3\", \"spaceBetween\": \"30\"}\n\t\t}'\n\t\t\t\t>\n\t\t\t\t<div class=\"swiper-wrapper\">\n\t\t<div class=\"wpcu-product swiper-slide\">\n    <div class=\"wpcu-product__content\">\n        <div class=\"wpcu-product__img\">\n            <a href=\"https:\/\/sabaglass.com\/alexander\/product\/skai-pvc\/\">\n                <img decoding=\"async\" src=\"https:\/\/sabaglass.com\/alexander\/wp-content\/uploads\/2023\/10\/IMG_2997-1024x683.jpg\" alt=\"Skai PVC\">\n            <\/a>\n\n            \n            \n            \n            \n                    <\/div>\n        <div class=\"wpcu-product__details\">\n                        <h2 class=\"wpcu-product__title\"><a href=\"https:\/\/sabaglass.com\/alexander\/product\/skai-pvc\/\">Skai PVC<\/a><\/h2>\n                        \n                    <\/div>\n    <\/div>\n<\/div><!-- ends: .wpcu-product -->\n\n<div class=\"wpcu-product swiper-slide\">\n    <div class=\"wpcu-product__content\">\n        <div class=\"wpcu-product__img\">\n            <a href=\"https:\/\/sabaglass.com\/alexander\/product\/skai-pvc-2\/\">\n                <img decoding=\"async\" src=\"https:\/\/sabaglass.com\/alexander\/wp-content\/uploads\/2023\/10\/IMG_2998-1024x683.jpg\" alt=\"Skai PVC\">\n            <\/a>\n\n            \n            \n            \n            \n                    <\/div>\n        <div class=\"wpcu-product__details\">\n                        <h2 class=\"wpcu-product__title\"><a href=\"https:\/\/sabaglass.com\/alexander\/product\/skai-pvc-2\/\">Skai PVC<\/a><\/h2>\n                        \n                    <\/div>\n    <\/div>\n<\/div><!-- ends: .wpcu-product -->\n\n<div class=\"wpcu-product swiper-slide\">\n    <div class=\"wpcu-product__content\">\n        <div class=\"wpcu-product__img\">\n            <a href=\"https:\/\/sabaglass.com\/alexander\/product\/skai-pvc-3\/\">\n                <img decoding=\"async\" src=\"https:\/\/sabaglass.com\/alexander\/wp-content\/uploads\/2023\/10\/IMG_2999-1024x683.jpg\" alt=\"Skai PVC\">\n            <\/a>\n\n            \n            \n            \n            \n                    <\/div>\n        <div class=\"wpcu-product__details\">\n                        <h2 class=\"wpcu-product__title\"><a href=\"https:\/\/sabaglass.com\/alexander\/product\/skai-pvc-3\/\">Skai PVC<\/a><\/h2>\n                        \n                    <\/div>\n    <\/div>\n<\/div><!-- ends: .wpcu-product -->\n\n<div class=\"wpcu-product swiper-slide\">\n    <div class=\"wpcu-product__content\">\n        <div class=\"wpcu-product__img\">\n            <a href=\"https:\/\/sabaglass.com\/alexander\/product\/skai-pvc-4\/\">\n                <img decoding=\"async\" src=\"https:\/\/sabaglass.com\/alexander\/wp-content\/uploads\/2023\/10\/IMG_3000-1024x683.jpg\" alt=\"Skai PVC\">\n            <\/a>\n\n            \n            \n            \n            \n                    <\/div>\n        <div class=\"wpcu-product__details\">\n                        <h2 class=\"wpcu-product__title\"><a href=\"https:\/\/sabaglass.com\/alexander\/product\/skai-pvc-4\/\">Skai PVC<\/a><\/h2>\n                        \n                    <\/div>\n    <\/div>\n<\/div><!-- ends: .wpcu-product -->\n\n<div class=\"wpcu-product swiper-slide\">\n    <div class=\"wpcu-product__content\">\n        <div class=\"wpcu-product__img\">\n            <a href=\"https:\/\/sabaglass.com\/alexander\/product\/skai-pvc-5\/\">\n                <img decoding=\"async\" src=\"https:\/\/sabaglass.com\/alexander\/wp-content\/uploads\/2023\/10\/IMG_3001-1024x683.jpg\" alt=\"Skai PVC\">\n            <\/a>\n\n            \n            \n            \n            \n                    <\/div>\n        <div class=\"wpcu-product__details\">\n                        <h2 class=\"wpcu-product__title\"><a href=\"https:\/\/sabaglass.com\/alexander\/product\/skai-pvc-5\/\">Skai PVC<\/a><\/h2>\n                        \n                    <\/div>\n    <\/div>\n<\/div><!-- ends: .wpcu-product -->\n\n<div class=\"wpcu-product swiper-slide\">\n    <div class=\"wpcu-product__content\">\n        <div class=\"wpcu-product__img\">\n            <a href=\"https:\/\/sabaglass.com\/alexander\/product\/skai-pvc-6\/\">\n                <img decoding=\"async\" src=\"https:\/\/sabaglass.com\/alexander\/wp-content\/uploads\/2023\/10\/IMG_3002-1024x683.jpg\" alt=\"Skai PVC\">\n            <\/a>\n\n            \n            \n            \n            \n                    <\/div>\n        <div class=\"wpcu-product__details\">\n                        <h2 class=\"wpcu-product__title\"><a href=\"https:\/\/sabaglass.com\/alexander\/product\/skai-pvc-6\/\">Skai PVC<\/a><\/h2>\n                        \n                    <\/div>\n    <\/div>\n<\/div><!-- ends: .wpcu-product -->\n\n<div class=\"wpcu-product swiper-slide\">\n    <div class=\"wpcu-product__content\">\n        <div class=\"wpcu-product__img\">\n            <a href=\"https:\/\/sabaglass.com\/alexander\/product\/skai-pvc-7\/\">\n                <img decoding=\"async\" src=\"https:\/\/sabaglass.com\/alexander\/wp-content\/uploads\/2023\/10\/IMG_3003-1024x683.jpg\" alt=\"Skai PVC\">\n            <\/a>\n\n            \n            \n            \n            \n                    <\/div>\n        <div class=\"wpcu-product__details\">\n                        <h2 class=\"wpcu-product__title\"><a href=\"https:\/\/sabaglass.com\/alexander\/product\/skai-pvc-7\/\">Skai PVC<\/a><\/h2>\n                        \n                    <\/div>\n    <\/div>\n<\/div><!-- ends: .wpcu-product -->\n\n<div class=\"wpcu-product swiper-slide\">\n    <div class=\"wpcu-product__content\">\n        <div class=\"wpcu-product__img\">\n            <a href=\"https:\/\/sabaglass.com\/alexander\/product\/skai-pvc-8\/\">\n                <img decoding=\"async\" src=\"https:\/\/sabaglass.com\/alexander\/wp-content\/uploads\/2023\/10\/IMG_3004-1024x683.jpg\" alt=\"Skai PVC\">\n            <\/a>\n\n            \n            \n            \n            \n                    <\/div>\n        <div class=\"wpcu-product__details\">\n                        <h2 class=\"wpcu-product__title\"><a href=\"https:\/\/sabaglass.com\/alexander\/product\/skai-pvc-8\/\">Skai PVC<\/a><\/h2>\n                        \n                    <\/div>\n    <\/div>\n<\/div><!-- ends: .wpcu-product -->\n\n<div class=\"wpcu-product swiper-slide\">\n    <div class=\"wpcu-product__content\">\n        <div class=\"wpcu-product__img\">\n            <a href=\"https:\/\/sabaglass.com\/alexander\/product\/accessoires-maroquinerie-21\/\">\n                <img decoding=\"async\" src=\"https:\/\/sabaglass.com\/alexander\/wp-content\/uploads\/2023\/10\/IMG_2987-1024x683.jpg\" alt=\"Accessoires maroquinerie\">\n            <\/a>\n\n            \n            \n            \n            \n                    <\/div>\n        <div class=\"wpcu-product__details\">\n                        <h2 class=\"wpcu-product__title\"><a href=\"https:\/\/sabaglass.com\/alexander\/product\/accessoires-maroquinerie-21\/\">Accessoires maroquinerie<\/a><\/h2>\n                        \n                    <\/div>\n    <\/div>\n<\/div><!-- ends: .wpcu-product -->\n\n<div class=\"wpcu-product swiper-slide\">\n    <div class=\"wpcu-product__content\">\n        <div class=\"wpcu-product__img\">\n            <a href=\"https:\/\/sabaglass.com\/alexander\/product\/accessoires-maroquinerie-22\/\">\n                <img decoding=\"async\" src=\"https:\/\/sabaglass.com\/alexander\/wp-content\/uploads\/2023\/10\/IMG_2988-1024x683.jpg\" alt=\"Skai PVC\">\n            <\/a>\n\n            \n            \n            \n            \n                    <\/div>\n        <div class=\"wpcu-product__details\">\n                        <h2 class=\"wpcu-product__title\"><a href=\"https:\/\/sabaglass.com\/alexander\/product\/accessoires-maroquinerie-22\/\">Skai PVC<\/a><\/h2>\n                        \n                    <\/div>\n    <\/div>\n<\/div><!-- ends: .wpcu-product -->\n\n<div class=\"wpcu-product swiper-slide\">\n    <div class=\"wpcu-product__content\">\n        <div class=\"wpcu-product__img\">\n            <a href=\"https:\/\/sabaglass.com\/alexander\/product\/accessoires-maroquinerie-23\/\">\n                <img decoding=\"async\" src=\"https:\/\/sabaglass.com\/alexander\/wp-content\/uploads\/2023\/10\/IMG_2989-1024x683.jpg\" alt=\"Accessoires maroquinerie\">\n            <\/a>\n\n            \n            \n            \n            \n                    <\/div>\n        <div class=\"wpcu-product__details\">\n                        <h2 class=\"wpcu-product__title\"><a href=\"https:\/\/sabaglass.com\/alexander\/product\/accessoires-maroquinerie-23\/\">Accessoires maroquinerie<\/a><\/h2>\n                        \n                    <\/div>\n    <\/div>\n<\/div><!-- ends: .wpcu-product -->\n\n<div class=\"wpcu-product swiper-slide\">\n    <div class=\"wpcu-product__content\">\n        <div class=\"wpcu-product__img\">\n            <a href=\"https:\/\/sabaglass.com\/alexander\/product\/accessoires-maroquinerie-24\/\">\n                <img decoding=\"async\" src=\"https:\/\/sabaglass.com\/alexander\/wp-content\/uploads\/2023\/10\/IMG_2990-1024x683.jpg\" alt=\"Accessoires maroquinerie\">\n            <\/a>\n\n            \n            \n            \n            \n                    <\/div>\n        <div class=\"wpcu-product__details\">\n                        <h2 class=\"wpcu-product__title\"><a href=\"https:\/\/sabaglass.com\/alexander\/product\/accessoires-maroquinerie-24\/\">Accessoires maroquinerie<\/a><\/h2>\n                        \n                    <\/div>\n    <\/div>\n<\/div><!-- ends: .wpcu-product -->\n\n\n\t\t\t<\/div>\n\t\t\t<!-- If we need navigation buttons -->\n<div class=\"wpcu-carousel-nav wpcu-carousel-nav--bottom-right\" style=\"\n  --wpcu-navArrowColor: #333;\n  --wpcu-navArrowColorHover: #fff;\n  --wpcu-navBgColor: #fff;\n  --wpcu-navBgColorHover: #bc0000;\n  --wpcu-navBorderColor: #e4e4ed;\n  --wpcu-navBorderColorHover: #bc0000;\n\">\n    <div class=\"wpcu-carousel-nav__btn wpcu-carousel-nav__btn--prev\">\n        <svg xmlns=\"http:\/\/www.w3.org\/2000\/svg\" xmlns:xlink=\"http:\/\/www.w3.org\/1999\/xlink\" width=\"6\" height=\"100%\" preserveAspectRatio=\"xMidYMid meet\" viewBox=\"0 0 576 1024\" style=\"-ms-transform: rotate(360deg); -webkit-transform: rotate(360deg); transform: rotate(360deg);\"><path d=\"M528 0q14 0 24 10q4 3 6 7t3 8.5t1 9t-1 8.5t-3 8t-6 8L96 515l450 450q6 6 8.5 15t0 18t-8.5 15q-10 10-24.5 10t-24.5-10L23 539q-10-10-10-24t10-24L504 10q10-10 24-10z\"\/><rect x=\"0\" y=\"0\" width=\"576\" height=\"1024\" fill=\"rgba(0, 0, 0, 0)\" \/><\/svg>\n    <\/div>\n    <div class=\"wpcu-carousel-nav__btn wpcu-carousel-nav__btn--next\">\n        <svg xmlns=\"http:\/\/www.w3.org\/2000\/svg\" xmlns:xlink=\"http:\/\/www.w3.org\/1999\/xlink\" width=\"6\" height=\"100%\" preserveAspectRatio=\"xMidYMid meet\" viewBox=\"0 0 576 1024\" style=\"-ms-transform: rotate(360deg); -webkit-transform: rotate(360deg); transform: rotate(360deg);\"><path d=\"M48 1023q-14 0-24.5-10T13 989t10-24l457-457L30 59q-6-7-8.5-16t0-17.5T30 10Q40 0 54.5 0T79 10l473 474q5 5 7.5 11.5t2.5 13t-2.5 12.5t-7.5 11L72 1013q-5 5-11.5 7.5T48 1023z\"\/><rect x=\"0\" y=\"0\" width=\"576\" height=\"1024\" fill=\"rgba(0, 0, 0, 0)\" \/><\/svg>\n    <\/div>\n<\/div>\n\n\t\t\t \t\t<\/div><!-- ends: .wpcu-products -->\n\t\t\t\t[\/vc_column_text][\/vc_column_inner][\/vc_row_inner][\/vc_column][\/vc_row][vc_row full_width=&#8221;stretch_row&#8221; css=&#8221;.vc_custom_1536744539590{background: #f5f5f5 url(https:\/\/themicart.com\/interico-wpb\/wp-content\/uploads\/2018\/03\/bg.png?id=9170) !important;background-position: 0 0 !important;background-repeat: repeat !important;}&#8221; el_class=&#8221;spaced&#8221;][vc_column css=&#8221;.vc_custom_1536744548657{padding-top: 0px !important;}&#8221;]<span class=\"subtitle dash-false style-dark text-center animate\">Pourquoi<\/span>[vc_column_text el_class=&#8221;animate&#8221;]<\/p>\n<h2 style=\"text-align: center;\"><strong>Nous Choisir<\/strong><\/h2>\n<p>[\/vc_column_text]<div class=\"dash style-dark centered\"><\/div>[vc_row_inner css=&#8221;.vc_custom_1656774232798{margin-top: 60px !important;}&#8221; el_class=&#8221;iconed&#8221;][vc_column_inner el_class=&#8221;animate&#8221; width=&#8221;1\/4&#8243;]<div class=\"number-box style-default spacing-30\"><div class=\"number-box-number\">1<\/div><div class=\"content-box\"><div class=\"content-box-info\"><h3>Qualit\u00e9 In\u00e9gal\u00e9e<\/h3><p class=\"number-box-content\">Nous sommes d\u00e9termin\u00e9s \u00e0 maintenir des normes de qualit\u00e9 in\u00e9gal\u00e9es pour chaque mat\u00e9riau que nous importons.<\/p><\/div><\/div><\/div>[\/vc_column_inner][vc_column_inner el_class=&#8221;animate animate-1&#8243; width=&#8221;1\/4&#8243;]<div class=\"number-box style-default spacing-30\"><div class=\"number-box-number\">2<\/div><div class=\"content-box\"><div class=\"content-box-info\"><h3>Expertise Mondiale<\/h3><p class=\"number-box-content\">Nos connexions internationales nous permettent d&#039;acc\u00e9der aux meilleurs fournisseurs de mati\u00e8res premi\u00e8res.<\/p><\/div><\/div><\/div>[\/vc_column_inner][vc_column_inner el_class=&#8221;animate animate-2&#8243; width=&#8221;1\/4&#8243;]<div class=\"number-box style-default spacing-30\"><div class=\"number-box-number\">3<\/div><div class=\"content-box\"><div class=\"content-box-info\"><h3>Collaboration Personnalis\u00e9e<\/h3><p class=\"number-box-content\">Nous travaillons en \u00e9troite collaboration avec nos clients pour r\u00e9pondre \u00e0 leurs besoins sp\u00e9cifiques en mati\u00e8res premi\u00e8res.<\/p><\/div><\/div><\/div>[\/vc_column_inner][vc_column_inner el_class=&#8221;animate animate-3&#8243; width=&#8221;1\/4&#8243;]<div class=\"number-box style-default spacing-30\"><a href=\"#\"><div class=\"number-box-number\">4<\/div><div class=\"content-box\"><div class=\"content-box-info\"><h3>R\u00e9putation \u00c9prouv\u00e9e<\/h3><p class=\"number-box-content\">Nous sommes fiers de contribuer au succ\u00e8s de nombreuses marques de maroquinerie prestigieuses \u00e0 travers l&#039;Alg\u00e9rie.<\/p><\/div><\/div><\/a><\/div>[\/vc_column_inner][\/vc_row_inner][\/vc_column][\/vc_row][vc_row full_width=&#8221;stretch_row&#8221; css=&#8221;.vc_custom_1697980049472{padding-top: 80px !important;padding-bottom: 80px !important;background: #861923 url(https:\/\/sabaglass.com\/alexander\/wp-content\/uploads\/2018\/10\/vertical-grid-5.png?id=12972) !important;background-position: 0 0 !important;background-repeat: repeat !important;}&#8221;][vc_column width=&#8221;1\/4&#8243; css=&#8221;.vc_custom_1539687507098{padding-top: 0px !important;}&#8221; el_class=&#8221;animate&#8221;]<span class=\"subtitle dash-true style-light text-default\">NOS POINT IMPORTANT<\/span>[vc_column_text]<\/p>\n<h2><span style=\"color: #ffffff;\">Ce que nous avons accompli<\/span><\/h2>\n<p>[\/vc_column_text][\/vc_column][vc_column width=&#8221;1\/4&#8243; css=&#8221;.vc_custom_1539687511898{padding-top: 0px !important;}&#8221; el_class=&#8221;animate animate-1&#8243;]<div class=\"number-box style-dark spacing-30\"><div class=\"number-box-number\">100%<\/div><div class=\"content-box\"><div class=\"content-box-info\"><h3>Client Satisfait<\/h3><\/div><\/div><\/div>[\/vc_column][vc_column width=&#8221;1\/4&#8243; css=&#8221;.vc_custom_1539687516836{padding-top: 0px !important;}&#8221; el_class=&#8221;animate animate-2&#8243;]<div class=\"number-box style-dark spacing-30\"><div class=\"number-box-number\">130<\/div><div class=\"content-box\"><div class=\"content-box-info\"><h3>Employ\u00e9s<\/h3><\/div><\/div><\/div>[\/vc_column][vc_column width=&#8221;1\/4&#8243; css=&#8221;.vc_custom_1539687521404{padding-top: 0px !important;}&#8221; el_class=&#8221;animate animate-3&#8243;]<div class=\"number-box style-dark spacing-30\"><div class=\"number-box-number\">15+<\/div><div class=\"content-box\"><div class=\"content-box-info\"><h3>Ans d&#039;experience<\/h3><\/div><\/div><\/div>[\/vc_column][\/vc_row][vc_row full_width=&#8221;stretch_row&#8221; gap=&#8221;30&#8243; css=&#8221;.vc_custom_1697981925572{background-image: url(https:\/\/sabaglass.com\/alexander\/wp-content\/uploads\/2023\/10\/12188678_4907157-scaled.jpg?id=14285) !important;}&#8221; el_class=&#8221;spaced&#8221;][vc_column width=&#8221;1\/2&#8243;][vc_column_text]<iframe loading=\"lazy\" style=\"border: 0;\" src=\"https:\/\/www.google.com\/maps\/embed?pb=!1m18!1m12!1m3!1d3194.7864504740596!2d2.9435517!3d36.7996702!2m3!1f0!2f0!3f0!3m2!1i1024!2i768!4f13.1!3m3!1m2!1s0x128fb1a7633a7dbf%3A0xc9e81bfc4c0e8a86!2sla%20zone%20d'activit%C3%A9s%20Ain%20benian!5e0!3m2!1sen!2sdz!4v1697981828625!5m2!1sen!2sdz\" width=\"100%\" height=\"680\" allowfullscreen=\"allowfullscreen\"><\/iframe>[\/vc_column_text][\/vc_column][vc_column width=&#8221;1\/2&#8243;][vc_row_inner][vc_column_inner el_class=&#8221;shadow-box animate&#8221;]<span class=\"subtitle dash-false style-dark text-default\">Contactez nous<\/span>[vc_column_text css=&#8221;.vc_custom_1656769492506{margin-bottom: 0px !important;}&#8221;]<\/p>\n<h2><strong><span style=\"color: #7d6741;\">Vous avez une question?<\/span> n&#8217;h\u00e9sitez pas a nous contacter.<\/strong><\/h2>\n<p>[\/vc_column_text]<div class=\"dash style-dark default\"><\/div>\n<div class=\"wpcf7 no-js\" id=\"wpcf7-f6793-o1\" lang=\"en-US\" dir=\"ltr\">\n<div class=\"screen-reader-response\"><p role=\"status\" aria-live=\"polite\" aria-atomic=\"true\"><\/p> <ul><\/ul><\/div>\n<form action=\"\/alexander\/wp-json\/wp\/v2\/pages\/13478#wpcf7-f6793-o1\" method=\"post\" class=\"wpcf7-form init\" aria-label=\"Contact form\" novalidate=\"novalidate\" data-status=\"init\">\n<div style=\"display: none;\">\n<input type=\"hidden\" name=\"_wpcf7\" value=\"6793\" \/>\n<input type=\"hidden\" name=\"_wpcf7_version\" value=\"5.7.3\" \/>\n<input type=\"hidden\" name=\"_wpcf7_locale\" value=\"en_US\" \/>\n<input type=\"hidden\" name=\"_wpcf7_unit_tag\" value=\"wpcf7-f6793-o1\" \/>\n<input type=\"hidden\" name=\"_wpcf7_container_post\" value=\"0\" \/>\n<input type=\"hidden\" name=\"_wpcf7_posted_data_hash\" value=\"\" \/>\n<\/div>\n<p><span class=\"wpcf7-form-control-wrap\" data-name=\"your-name\"><input size=\"40\" class=\"wpcf7-form-control wpcf7-text wpcf7-validates-as-required\" aria-required=\"true\" aria-invalid=\"false\" placeholder=\"Nom\" value=\"\" type=\"text\" name=\"your-name\" \/><\/span>\n<\/p>\n<p><span class=\"wpcf7-form-control-wrap\" data-name=\"your-email\"><input size=\"40\" class=\"wpcf7-form-control wpcf7-text wpcf7-email wpcf7-validates-as-required wpcf7-validates-as-email\" aria-required=\"true\" aria-invalid=\"false\" placeholder=\"Email\" value=\"\" type=\"email\" name=\"your-email\" \/><\/span>\n<\/p>\n<p><span class=\"wpcf7-form-control-wrap\" data-name=\"your-subject\"><input size=\"40\" class=\"wpcf7-form-control wpcf7-text wpcf7-validates-as-required\" aria-required=\"true\" aria-invalid=\"false\" placeholder=\"Objet\" value=\"\" type=\"text\" name=\"your-subject\" \/><\/span>\n<\/p>\n<p><span class=\"wpcf7-form-control-wrap\" data-name=\"your-message\"><textarea cols=\"5\" rows=\"1\" class=\"wpcf7-form-control wpcf7-textarea wpcf7-validates-as-required\" aria-required=\"true\" aria-invalid=\"false\" placeholder=\"Message ...\" name=\"your-message\"><\/textarea><\/span>\n<\/p>\n<p><input class=\"wpcf7-form-control has-spinner wpcf7-submit\" type=\"submit\" value=\"Envoyer\" \/>\n<\/p><p style=\"display: none !important;\"><label>&#916;<textarea name=\"_wpcf7_ak_hp_textarea\" cols=\"45\" rows=\"8\" maxlength=\"100\"><\/textarea><\/label><input type=\"hidden\" id=\"ak_js_1\" name=\"_wpcf7_ak_js\" value=\"11\"\/><script>document.getElementById( \"ak_js_1\" ).setAttribute( \"value\", ( new Date() ).getTime() );<\/script><\/p><div class=\"wpcf7-response-output\" aria-hidden=\"true\"><\/div>\n<\/form>\n<\/div>\n[\/vc_column_inner][\/vc_row_inner][\/vc_column][\/vc_row]<\/p>\n","protected":false},"excerpt":{"rendered":"<p>[vc_row full_width=&#8221;stretch_row&#8221; equal_height=&#8221;yes&#8221; content_placement=&#8221;middle&#8221; css_animation=&#8221;fadeInUp&#8221; css=&#8221;.vc_custom_1697979785348{padding-top: 32px !important;padding-bottom: 70px !important;background-image: url(https:\/\/sabaglass.com\/alexander\/wp-content\/uploads\/2023\/10\/12188678_4907157-scaled.jpg?id=14285) !important;background-position: 0 0 !important;background-repeat: repeat !important;}&#8221; el_class=&#8221;overlapped&#8221;][vc_column width=&#8221;1\/3&#8243; css=&#8221;.vc_custom_1536745119080{margin-top: 110px !important;margin-right: 1px !important;margin-bottom: 30px !important;}&#8221;][vc_column_text css=&#8221;.vc_custom_1697924534706{margin-bottom: 20px !important;}&#8221;] ALEXANDER Alexander est un acteur incontournable dans l\u2019industrie de la maroquinerie gr\u00e2ce \u00e0 son expertise dans l\u2019importation de mati\u00e8res premi\u00e8res de premi\u00e8re qualit\u00e9. Avec des ann\u00e9es [&hellip;]<\/p>\n","protected":false},"author":1,"featured_media":0,"parent":0,"menu_order":0,"comment_status":"closed","ping_status":"closed","template":"page-slider.php","meta":{"footnotes":""},"class_list":["post-13478","page","type-page","status-publish","hentry"],"_links":{"self":[{"href":"https:\/\/sabaglass.com\/alexander\/wp-json\/wp\/v2\/pages\/13478","targetHints":{"allow":["GET"]}}],"collection":[{"href":"https:\/\/sabaglass.com\/alexander\/wp-json\/wp\/v2\/pages"}],"about":[{"href":"https:\/\/sabaglass.com\/alexander\/wp-json\/wp\/v2\/types\/page"}],"author":[{"embeddable":true,"href":"https:\/\/sabaglass.com\/alexander\/wp-json\/wp\/v2\/users\/1"}],"replies":[{"embeddable":true,"href":"https:\/\/sabaglass.com\/alexander\/wp-json\/wp\/v2\/comments?post=13478"}],"version-history":[{"count":123,"href":"https:\/\/sabaglass.com\/alexander\/wp-json\/wp\/v2\/pages\/13478\/revisions"}],"predecessor-version":[{"id":14318,"href":"https:\/\/sabaglass.com\/alexander\/wp-json\/wp\/v2\/pages\/13478\/revisions\/14318"}],"wp:attachment":[{"href":"https:\/\/sabaglass.com\/alexander\/wp-json\/wp\/v2\/media?parent=13478"}],"curies":[{"name":"wp","href":"https:\/\/api.w.org\/{rel}","templated":true}]}}